{"id":3510,"date":"2021-10-19T13:43:40","date_gmt":"2021-10-19T11:43:40","guid":{"rendered":"https:\/\/www.fontrural.com\/politique-de-confidentialite\/"},"modified":"2021-10-19T13:43:40","modified_gmt":"2021-10-19T11:43:40","slug":"politique-de-confidentialite","status":"publish","type":"page","link":"https:\/\/www.fontrural.com\/fr\/politique-de-confidentialite\/","title":{"rendered":"Politique de confidentialit\u00e9"},"content":{"rendered":"<h2 class=\"wp-block-heading\">Qui som<\/h2><p><strong class=\"privacy-policy-tutorial\">Text suggerit: <\/strong>La nostra adre\u00e7a web \u00e9s: https:\/\/www.fontrural.com.<\/p><h2 class=\"wp-block-heading\">Comentaris<\/h2><p><strong class=\"privacy-policy-tutorial\">Text suggerit: <\/strong>Quan els visitants deixen comentaris a la web, recollim les dades que es mostren al formulari de contacte, aix\u00ed com l&rsquo;adre\u00e7a IP del visitant i la cadena de l&rsquo;agent de l&rsquo;usuari del navegador per ajudar a la detecci\u00f3 de missatges brossa.<\/p><p>Una cadena anonimitzada creada a partir del correu electr\u00f2nic (tamb\u00e9 anomenat un hash) pot proporcionar-se al servei Gravatar per veure si l&rsquo;esteu usant. La pol\u00edtica de privadesa del servei Gravatar est\u00e0 disponible aqu\u00ed: https:\/\/automattic.com\/privacy\/. Una vegada aprovat el comentari, la imatge del vostre perfil \u00e9s visible al p\u00fablic al context del comentari.<\/p><h2 class=\"wp-block-heading\">M\u00e8dia<\/h2><p><strong class=\"privacy-policy-tutorial\">Text suggerit: <\/strong>Si pugeu imatges al lloc web, heu d&rsquo;evitar pujar imatges que incloguin dades de geolocalitzaci\u00f3 (EXIF GPS) incrustades. Els visitants del lloc web poden descarregar i extreure qualsevol informaci\u00f3 de les imatges de la web.<\/p><h2 class=\"wp-block-heading\">Galetes<\/h2><p><strong class=\"privacy-policy-tutorial\">Text suggerit: <\/strong>Si deixeu un comentari en la p\u00e0gina web, podeu optar per desar el nom, l&rsquo;adre\u00e7a de correu electr\u00f2nic i la p\u00e0gina web en les galetes. Aix\u00f2 \u00e9s per la vostra comoditat perqu\u00e8 no h\u00e0geu d&#8217;emplenar les dades de nou quan feu un altre comentari. Aquestes galetes duraran un any.<\/p><p>Si teniu un compte i inicieu sessi\u00f3 en aquesta p\u00e0gina web, es definir\u00e0 una galeta temporal per determinar si el navegador accepta galetes. Aquesta galeta no cont\u00e9 dades personals i es descartar\u00e0 quan tanqueu el navegador.<\/p><p>Quan inicieu sessi\u00f3, tamb\u00e9 es configuraran diverses galetes per desar la informaci\u00f3 d&rsquo;inici de sessi\u00f3 i les opcions de visualitzaci\u00f3 de la pantalla. Les galeres d&rsquo;inici de sessi\u00f3 duren dos dies, i les galetes de les opcions de pantalla duren un any. Si seleccioneu &quot;Recordeu-me&quot;, l&rsquo;inici de sessi\u00f3 persistir\u00e0 durant dues setmanes. Si finalitzeu la sessi\u00f3, les galetes d&rsquo;inici de sessi\u00f3 seran suprimides.<\/p><p>Si editeu o publiqueu un article, una galeta addicional es desar\u00e0 al navegador. Aquesta galeta no inclou dades personals i simplement indica l&rsquo;identificador de l&rsquo;entrada que acabeu d&rsquo;editar. Expira despr\u00e9s d&rsquo;1 dia.<\/p><h2 class=\"wp-block-heading\">Contingut incrustat d&rsquo;altres llocs web<\/h2><p><strong class=\"privacy-policy-tutorial\">Text suggerit: <\/strong>Els articles en aquesta p\u00e0gina web inclou contingut incrustat (per exemple, v\u00eddeos, imatges, articles, etc.). El contingut incrustat des d&rsquo;altres p\u00e0gines web es comporta exactament de la mateixa manera com si el visitant estigu\u00e9s visitant l&rsquo;altra p\u00e0gina web.<\/p><p>Aquestes p\u00e0gines web poden recollir dades sobre v\u00f3s, fer servir galetes, incrustar seguiment addicional de terceres parts, i monitorar la interacci\u00f3 amb el contingut incrustat, incloent-hi la tra\u00e7a de la interacci\u00f3 amb el contingut incrustat si teniu un compte i heu iniciat sessi\u00f3 en aquesta p\u00e0gina web.<\/p><h2 class=\"wp-block-heading\">Amb qui compartim les vostres dades<\/h2><p><strong class=\"privacy-policy-tutorial\">Text suggerit: <\/strong>Si sol\u00b7liciteu un reinici de contrasenya, l&rsquo;adre\u00e7a UP s&rsquo;inclour\u00e0 en el correu electr\u00f2nic de reinicialitzaci\u00f3.<\/p><h2 class=\"wp-block-heading\">Quant de temps retenim les dades<\/h2><p><strong class=\"privacy-policy-tutorial\">Text suggerit: <\/strong>Si deixeu un comentari, el comentari i les seves dades meta es retenen indefinidament. Aix\u00f2 \u00e9s per poder recon\u00e8ixer i aprovar autom\u00e0ticament qualsevol comentari de seguiment en lloc de mantenir-los en la cua de moderaci\u00f3.<\/p><p>Per als usuaris que es registren en la web (si hi ha), tamb\u00e9 emmagatzemem la informaci\u00f3 personal que proporcionen al seu perfil d&rsquo;usuari. Tots els usuaris poden veure, editar o suprimir la seva informaci\u00f3 personal en qualsevol moment (excepte que no poden canviar el seu nom d&rsquo;usuari). Els administradors de la p\u00e0gina web poden tamb\u00e9 editar aquesta informaci\u00f3. <\/p><h2 class=\"wp-block-heading\">Quins drets teniu sobre les vostres dades<\/h2><p><strong class=\"privacy-policy-tutorial\">Text suggerit: <\/strong>Si teniu un compte en aquest lloc web o hi heu deixat comentaris, podeu demanar que us enviem un fitxer d&rsquo;exportaci\u00f3 de les vostres dades personals, incloent-hi totes les dades que ens h\u00e0geu proporcionat. Tamb\u00e9 podeu demanar que esborrem qualsevol dada personal vostra que tinguem. Aix\u00f2 no inclou les dades que estiguem obligats a conservar amb prop\u00f2sits administratius, legals o de seguretat.<\/p><h2 class=\"wp-block-heading\">On enviem les vostres dades<\/h2><p><strong class=\"privacy-policy-tutorial\">Text suggerit: <\/strong>Els comentaris dels visitants han de ser comprovats mitjan\u00e7ant un servei de detecci\u00f3 de brossa automatitzat.<\/p>","protected":false},"excerpt":{"rendered":"<p>Qui som Text suggerit: La nostra adre\u00e7a web \u00e9s: https:\/\/www.fontrural.com. Comentaris Text suggerit: Quan els visitants deixen comentaris a la web, recollim les dades que es mostren al formulari de contacte, aix\u00ed com l&rsquo;adre\u00e7a IP del visitant i la cadena [&hellip;]<\/p>\n","protected":false},"author":1,"featured_media":0,"parent":0,"menu_order":0,"comment_status":"closed","ping_status":"closed","template":"","meta":{"inline_featured_image":false,"footnotes":""},"class_list":["post-3510","page","type-page","status-publish","hentry"],"_links":{"self":[{"href":"https:\/\/www.fontrural.com\/fr\/wp-json\/wp\/v2\/pages\/3510","targetHints":{"allow":["GET"]}}],"collection":[{"href":"https:\/\/www.fontrural.com\/fr\/wp-json\/wp\/v2\/pages"}],"about":[{"href":"https:\/\/www.fontrural.com\/fr\/wp-json\/wp\/v2\/types\/page"}],"author":[{"embeddable":true,"href":"https:\/\/www.fontrural.com\/fr\/wp-json\/wp\/v2\/users\/1"}],"replies":[{"embeddable":true,"href":"https:\/\/www.fontrural.com\/fr\/wp-json\/wp\/v2\/comments?post=3510"}],"version-history":[{"count":1,"href":"https:\/\/www.fontrural.com\/fr\/wp-json\/wp\/v2\/pages\/3510\/revisions"}],"predecessor-version":[{"id":3511,"href":"https:\/\/www.fontrural.com\/fr\/wp-json\/wp\/v2\/pages\/3510\/revisions\/3511"}],"wp:attachment":[{"href":"https:\/\/www.fontrural.com\/fr\/wp-json\/wp\/v2\/media?parent=3510"}],"curies":[{"name":"wp","href":"https:\/\/api.w.org\/{rel}","templated":true}]}}